{"id":942,"date":"2022-09-20T15:44:16","date_gmt":"2022-09-20T15:44:16","guid":{"rendered":"https:\/\/vetcontrol.hu\/?page_id=942"},"modified":"2025-03-27T13:11:45","modified_gmt":"2025-03-27T13:11:45","slug":"aktualis-webinariumok","status":"publish","type":"page","link":"https:\/\/vetcontrol.hu\/index.php\/aktualis-webinariumok\/","title":{"rendered":"Eurofins Vetcontrol Akad\u00e9mia"},"content":{"rendered":"<p>[et_pb_section fb_built=&#8221;1&#8243; custom_padding_last_edited=&#8221;on|phone&#8221; admin_label=&#8221;Hero&#8221; _builder_version=&#8221;4.14.7&#8243; use_background_color_gradient=&#8221;on&#8221; background_color_gradient_start=&#8221;rgba(255,255,255,0)&#8221; background_color_gradient_end=&#8221;#0c71c3&#8243; background_color_gradient_direction=&#8221;304deg&#8221; background_color_gradient_start_position=&#8221;27%&#8221; background_color_gradient_overlays_image=&#8221;on&#8221; background_image=&#8221;https:\/\/vetcontrol.hu\/wp-content\/uploads\/2022\/09\/webinar-23917988-ss-1920.jpg&#8221; background_position=&#8221;top_right&#8221; z_index=&#8221;-500&#8243; custom_margin=&#8221;|5vw||&#8221; custom_padding=&#8221;3vw||3vw||true|false&#8221; custom_padding_tablet=&#8221;100px||100px|&#8221; custom_padding_phone=&#8221;|||&#8221; animation_direction=&#8221;left&#8221; border_radii=&#8221;|||30vw|&#8221; border_color_all=&#8221;#ee7d11&#8243; border_width_right=&#8221;2vw&#8221; box_shadow_style=&#8221;preset4&#8243; box_shadow_horizontal=&#8221;20px&#8221; box_shadow_vertical=&#8221;0px&#8221; box_shadow_color=&#8221;#6d93bd&#8221; global_colors_info=&#8221;{}&#8221;][et_pb_row _builder_version=&#8221;4.14.7&#8243; horizontal_offset=&#8221;209px&#8221; custom_margin=&#8221;1px|auto||auto||&#8221; custom_padding=&#8221;0|0px|27px|0px&#8221; global_colors_info=&#8221;{}&#8221;][et_pb_column type=&#8221;4_4&#8243; _builder_version=&#8221;4.14.7&#8243; horizontal_offset=&#8221;-133px&#8221; custom_padding=&#8221;||||false|false&#8221; global_colors_info=&#8221;{}&#8221; custom_padding__hover=&#8221;|||&#8221;][et_pb_text admin_label=&#8221;Text&#8221; _builder_version=&#8221;4.14.7&#8243; text_font=&#8221;Montserrat|300|||||||&#8221; text_font_size=&#8221;22px&#8221; text_line_height=&#8221;1.8em&#8221; ul_font=&#8221;||||||||&#8221; header_font=&#8221;|500|||||||&#8221; header_font_size=&#8221;5vw&#8221; header_line_height=&#8221;1.2em&#8221; header_2_font_size=&#8221;36px&#8221; text_orientation=&#8221;center&#8221; background_layout=&#8221;dark&#8221; module_alignment=&#8221;center&#8221; text_line_height_tablet=&#8221;2em&#8221; text_line_height_phone=&#8221;2em&#8221; text_line_height_last_edited=&#8221;off|desktop&#8221; header_font_size_tablet=&#8221;40px&#8221; header_font_size_phone=&#8221;&#8221; header_font_size_last_edited=&#8221;on|tablet&#8221; header_line_height_tablet=&#8221;1.2em&#8221; header_line_height_phone=&#8221;1.1em&#8221; header_line_height_last_edited=&#8221;on|phone&#8221; header_text_shadow_style=&#8221;preset3&#8243; header_text_shadow_color=&#8221;rgba(0,0,0,0.06)&#8221; global_colors_info=&#8221;{}&#8221;]<\/p>\n<h1 style=\"text-align: left;\">Eurofins Vetcontrol Akad\u00e9mia<\/h1>\n<h2>\u00a0<\/h2>\n<p>[\/et_pb_text][\/et_pb_column][\/et_pb_row][\/et_pb_section][et_pb_section fb_built=&#8221;1&#8243; disabled_on=&#8221;on|on|on&#8221; _builder_version=&#8221;4.14.7&#8243; _module_preset=&#8221;default&#8221; hover_transition_duration=&#8221;100ms&#8221; disabled=&#8221;on&#8221; locked=&#8221;off&#8221; global_colors_info=&#8221;{}&#8221;][et_pb_row custom_padding_last_edited=&#8221;on|desktop&#8221; disabled_on=&#8221;off|off|off&#8221; _builder_version=&#8221;4.14.7&#8243; _module_preset=&#8221;default&#8221; background_image=&#8221;https:\/\/vetcontrol.hu\/wp-content\/uploads\/2023\/06\/uborkaszezon-fejlecbanner-hatter.png&#8221; custom_padding=&#8221;11vw|3vw|11vw|3vw|true|true&#8221; custom_padding_tablet=&#8221;13vw|4vw|13vw|4vw|true|true&#8221; custom_padding_phone=&#8221;|5vw||5vw|true|true&#8221; global_colors_info=&#8221;{}&#8221;][et_pb_column type=&#8221;4_4&#8243; _builder_version=&#8221;4.14.7&#8243; _module_preset=&#8221;default&#8221; global_colors_info=&#8221;{}&#8221;][et_pb_text _builder_version=&#8221;4.14.7&#8243; _module_preset=&#8221;default&#8221; text_text_color=&#8221;#FFFFFF&#8221; text_font_size=&#8221;44px&#8221; header_2_text_align=&#8221;center&#8221; header_2_text_color=&#8221;#FFFFFF&#8221; header_2_font_size=&#8221;3vw&#8221; header_2_line_height=&#8221;1.2em&#8221; background_enable_image=&#8221;off&#8221; header_2_font_size_tablet=&#8221;4vw&#8221; header_2_font_size_phone=&#8221;6vw&#8221; header_2_font_size_last_edited=&#8221;on|phone&#8221; global_colors_info=&#8221;{}&#8221;]<\/p>\n<h2>Hamarosan \u00fajabb webin\u00e1riummal \u00e9rkez\u00fcnk, addig is tekintse meg kor\u00e1bbi webin\u00e1riumaink felv\u00e9teleit!<\/h2>\n<p>[\/et_pb_text][et_pb_button button_url=&#8221;#korabbi-webinariumaink&#8221; button_text=&#8221;Megn\u00e9zem&#8221; button_alignment=&#8221;center&#8221; _builder_version=&#8221;4.14.7&#8243; _module_preset=&#8221;default&#8221; custom_button=&#8221;on&#8221; button_text_size=&#8221;16px&#8221; button_text_color=&#8221;#ffffff&#8221; button_bg_color=&#8221;#ee7d11&#8243; button_border_width=&#8221;0px&#8221; button_border_radius=&#8221;5px&#8221; button_letter_spacing=&#8221;2px&#8221; button_font=&#8221;|600||on|||||&#8221; button_use_icon=&#8221;off&#8221; custom_padding=&#8221;10px|30px|10px|30px|true|true&#8221; global_colors_info=&#8221;{}&#8221; button_bg_color__hover=&#8221;#003883&#8243; button_bg_color__hover_enabled=&#8221;on|hover&#8221;][\/et_pb_button][\/et_pb_column][\/et_pb_row][\/et_pb_section][et_pb_section fb_built=&#8221;1&#8243; disabled_on=&#8221;on|on|on&#8221; admin_label=&#8221;Services&#8221; _builder_version=&#8221;4.14.7&#8243; min_height=&#8221;435.3px&#8221; custom_padding=&#8221;50px|0px|50px|0px|true|false&#8221; disabled=&#8221;on&#8221; locked=&#8221;off&#8221; global_colors_info=&#8221;{}&#8221;][et_pb_row column_structure=&#8221;2_5,3_5&#8243; use_custom_gutter=&#8221;on&#8221; gutter_width=&#8221;2&#8243; make_equal=&#8221;on&#8221; disabled_on=&#8221;off|off|off&#8221; _builder_version=&#8221;4.14.7&#8243; _module_preset=&#8221;default&#8221; use_background_color_gradient=&#8221;on&#8221; background_color_gradient_start=&#8221;rgba(43,135,218,0.12)&#8221; background_color_gradient_end=&#8221;#ffffff&#8221; background_enable_image=&#8221;off&#8221; background_size=&#8221;contain&#8221; background_position=&#8221;bottom_center&#8221; transform_translate=&#8221;22px|0px&#8221; min_height=&#8221;266.3px&#8221; custom_margin=&#8221;|||280px|false|false&#8221; custom_margin_tablet=&#8221;||50px|50px|false|false&#8221; custom_margin_phone=&#8221;|10px|10px|10px|false|false&#8221; custom_margin_last_edited=&#8221;on|phone&#8221; custom_padding=&#8221;|20px||20px|false|false&#8221; border_radii=&#8221;on|10px|10px|10px|10px&#8221; border_width_all=&#8221;2px&#8221; border_color_all=&#8221;#6d93bd&#8221; global_colors_info=&#8221;{}&#8221;][et_pb_column type=&#8221;2_5&#8243; _builder_version=&#8221;4.14.7&#8243; _module_preset=&#8221;default&#8221; global_colors_info=&#8221;{}&#8221;][et_pb_image src=&#8221;https:\/\/vetcontrol.hu\/wp-content\/uploads\/2024\/04\/sertesakademia_0430-1.jpg&#8221; title_text=&#8221;sertesakademia_0430 (1)&#8221; url=&#8221;https:\/\/us02web.zoom.us\/webinar\/register\/3616729269762\/WN_bLGEg_s9QAWENxgBeaFO1g&#8221; align=&#8221;center&#8221; src_tablet=&#8221;https:\/\/vetcontrol.hu\/wp-content\/uploads\/2022\/11\/baromfik-1.png&#8221; src_phone=&#8221;https:\/\/vetcontrol.hu\/wp-content\/uploads\/2022\/11\/baromfik-1.png&#8221; src_last_edited=&#8221;on|desktop&#8221; _builder_version=&#8221;4.14.7&#8243; _module_preset=&#8221;default&#8221; width=&#8221;75%&#8221; global_colors_info=&#8221;{}&#8221;][\/et_pb_image][\/et_pb_column][et_pb_column type=&#8221;3_5&#8243; _builder_version=&#8221;4.14.7&#8243; _module_preset=&#8221;default&#8221; global_colors_info=&#8221;{}&#8221;][ba_gradient_heading title=&#8221;Webin\u00e1rium&#8221; html_tag=&#8221;h2&#8243; primary_color=&#8221;#002482&#8243; secondary_color=&#8221;#ee7d0c&#8221; angle=&#8221;158&#8243; _builder_version=&#8221;4.14.7&#8243; _module_preset=&#8221;default&#8221; title_font_size_tablet=&#8221;&#8221; title_font_size_phone=&#8221;44px&#8221; title_font_size_last_edited=&#8221;on|phone&#8221; global_colors_info=&#8221;{}&#8221;][\/ba_gradient_heading][et_pb_text _builder_version=&#8221;4.14.7&#8243; _module_preset=&#8221;default&#8221; link_option_url=&#8221;https:\/\/us02web.zoom.us\/webinar\/register\/3217090210711\/WN_XG2MeehqT-iuPwH-H2R3rg#\/registration&#8221; inline_fonts=&#8221;Trebuchet&#8221; global_colors_info=&#8221;{}&#8221;]<\/p>\n<h3><span>Sert\u00e9s Eg\u00e9szs\u00e9g\u00fcgyi Akad\u00e9mia webin\u00e1rium<\/span><\/h3>\n<h2><strong>2024. \u00e1prilis 30. 14:00<\/strong><\/h2>\n<p>[\/et_pb_text][et_pb_button button_url=&#8221;https:\/\/us02web.zoom.us\/webinar\/register\/3217090210711\/WN_42lXz-3FTN28-mrz3DZFOQ&#8221; button_text=&#8221;Regisztr\u00e1ci\u00f3 most&#8221; _builder_version=&#8221;4.14.7&#8243; _module_preset=&#8221;default&#8221; custom_button=&#8221;on&#8221; button_text_color=&#8221;#FFFFFF&#8221; button_bg_color=&#8221;#002482&#8243; button_icon=&#8221;&#x24;||divi||400&#8243; button_text_shadow_style=&#8221;preset1&#8243; global_colors_info=&#8221;{}&#8221;][\/et_pb_button][et_pb_text _builder_version=&#8221;4.14.7&#8243; _module_preset=&#8221;default&#8221; global_colors_info=&#8221;{}&#8221;]<\/p>\n<h5><strong>El\u0151ad\u00e1saink:<\/strong><\/h5>\n<ul type=\"disc\">\n<li class=\"v1x_MsoListParagraph\">\n<h5>Dr. Alexy M\u00e1rta PhD, egyetemi docens: Prec\u00edzi\u00f3s eszk\u00f6z\u00f6k szerepe a sert\u00e9start\u00e1sban<\/h5>\n<\/li>\n<li class=\"v1x_MsoListParagraph\">\n<h5>Fitos G\u00e1bor: Sert\u00e9s \u00e1gazat aktu\u00e1lis helyzete Magyarorsz\u00e1gon<\/h5>\n<\/li>\n<li class=\"v1x_MsoListParagraph\">\n<h5>Dr. Tenk Mikl\u00f3s PhD habil, egyetemi docens: A megv\u00e1lt\u00f3 megold\u00e1s az antimikrobi\u00e1lis rezisztencia terjed\u00e9s\u00e9re?<br \/>A bakteri\u00e1lis vakcin\u00e1k kih\u00edv\u00e1sai sert\u00e9sben<\/h5>\n<\/li>\n<li class=\"v1x_MsoListParagraph\">\n<h5>Dr. Somogyi Zolt\u00e1n PhD: Antibakteri\u00e1lis ter\u00e1pia sert\u00e9sek l\u00e9gz\u0151szervi megbeteged\u00e9s\u00e9ben<\/h5>\n<\/li>\n<li class=\"v1x_MsoListParagraph\">\n<h5>Dr. B\u00edr\u00f3 Hunor Dipl. ECPHM c. egyetemi docens:<br \/>Mi\u00e9rt \u00e9s hogyan cs\u00f6kkents\u00fck az antibiotikum felhaszn\u00e1l\u00e1st a sert\u00e9start\u00e1sban<\/h5>\n<\/li>\n<li class=\"v1x_MsoListParagraph\">\n<h5>Dr. F\u00f6ldi J\u00f3zsef: Egy l\u00e9p\u00e9ssel tov\u00e1bb a rezisztencia vizsg\u00e1latokb\u00f3l<\/h5>\n<\/li>\n<\/ul>\n<p>[\/et_pb_text][\/et_pb_column][\/et_pb_row][\/et_pb_section][et_pb_section fb_built=&#8221;1&#8243; disabled_on=&#8221;off|off|off&#8221; admin_label=&#8221;korabbi-webinariumaink&#8221; module_id=&#8221;korabbi-webinariumaink&#8221; module_class=&#8221;korabbi-webinariumaink&#8221; _builder_version=&#8221;4.14.7&#8243; _module_preset=&#8221;default&#8221; global_colors_info=&#8221;{}&#8221;][et_pb_row _builder_version=&#8221;4.14.7&#8243; _module_preset=&#8221;default&#8221; global_colors_info=&#8221;{}&#8221;][et_pb_column type=&#8221;4_4&#8243; _builder_version=&#8221;4.14.7&#8243; _module_preset=&#8221;default&#8221; global_colors_info=&#8221;{}&#8221;][et_pb_text _builder_version=&#8221;4.14.7&#8243; _module_preset=&#8221;default&#8221; global_colors_info=&#8221;{}&#8221;]<\/p>\n<h2 style=\"text-align: center;\"><a href=\"https:\/\/www.youtube.com\/@eurofinsvetcontrolkft.1817\/playlists\" target=\"_blank\" rel=\"noopener\">Kor\u00e1bbi webin\u00e1riumaink<\/a><\/h2>\n<p>[\/et_pb_text][et_pb_image src=&#8221;https:\/\/vetcontrol.hu\/wp-content\/uploads\/2025\/03\/vetcontrol_akademia_youtube_playlist.jpg&#8221; title_text=&#8221;vetcontrol_akademia_youtube_playlist&#8221; url=&#8221;https:\/\/www.youtube.com\/@eurofinsvetcontrolkft.1817\/playlists&#8221; url_new_window=&#8221;on&#8221; _builder_version=&#8221;4.14.7&#8243; _module_preset=&#8221;default&#8221; global_colors_info=&#8221;{}&#8221;][\/et_pb_image][\/et_pb_column][\/et_pb_row][et_pb_row disabled_on=&#8221;on|on|on&#8221; _builder_version=&#8221;4.14.7&#8243; _module_preset=&#8221;default&#8221; disabled=&#8221;on&#8221; global_colors_info=&#8221;{}&#8221;][et_pb_column type=&#8221;4_4&#8243; _builder_version=&#8221;4.14.7&#8243; _module_preset=&#8221;default&#8221; global_colors_info=&#8221;{}&#8221;][et_pb_tabs active_tab_background_color=&#8221;#FFFFFF&#8221; inactive_tab_background_color=&#8221;rgba(0,0,0,0)&#8221; _builder_version=&#8221;4.14.7&#8243; _module_preset=&#8221;default&#8221; tab_font_size=&#8221;20px&#8221; tab_letter_spacing=&#8221;1px&#8221; tab_line_height=&#8221;2.6em&#8221; border_radii=&#8221;on|8px|8px|8px|8px&#8221; border_width_all=&#8221;0px&#8221; box_shadow_style=&#8221;preset1&#8243; box_shadow_blur=&#8221;80px&#8221; box_shadow_color=&#8221;rgba(12,113,195,0.25)&#8221; global_colors_info=&#8221;{}&#8221;][et_pb_tab title=&#8221;Szarvasmarha&#8221; _builder_version=&#8221;4.14.7&#8243; _module_preset=&#8221;default&#8221; global_colors_info=&#8221;{}&#8221;]<\/p>\n<p><span>[et_pb_section global_module=\"1301\"][\/et_pb_section]<\/span><\/p>\n<p>[\/et_pb_tab][et_pb_tab title=&#8221;Baromfi&#8221; _builder_version=&#8221;4.14.7&#8243; _module_preset=&#8221;default&#8221; global_colors_info=&#8221;{}&#8221;]<\/p>\n<p><span>[et_pb_section global_module=\"1376\"][\/et_pb_section]<\/span><\/p>\n<p>[\/et_pb_tab][et_pb_tab title=&#8221;Sert\u00e9s&#8221; _builder_version=&#8221;4.14.7&#8243; _module_preset=&#8221;default&#8221; global_colors_info=&#8221;{}&#8221;]<\/p>\n<p><span>[et_pb_section global_module=\"1385\"][\/et_pb_section]<\/span><\/p>\n<p>[\/et_pb_tab][et_pb_tab title=&#8221;Juh&#8221; _builder_version=&#8221;4.14.7&#8243; _module_preset=&#8221;default&#8221; global_colors_info=&#8221;{}&#8221;][\/et_pb_tab][et_pb_tab title=&#8221;Kecske&#8221; _builder_version=&#8221;4.14.7&#8243; _module_preset=&#8221;default&#8221; global_colors_info=&#8221;{}&#8221;][\/et_pb_tab][et_pb_tab title=&#8221;Egy\u00e9b&#8221; _builder_version=&#8221;4.14.7&#8243; _module_preset=&#8221;default&#8221; global_colors_info=&#8221;{}&#8221;][\/et_pb_tab][\/et_pb_tabs][\/et_pb_column][\/et_pb_row][et_pb_row _builder_version=&#8221;4.14.7&#8243; _module_preset=&#8221;default&#8221; global_colors_info=&#8221;{}&#8221;][et_pb_column type=&#8221;4_4&#8243; _builder_version=&#8221;4.14.7&#8243; _module_preset=&#8221;default&#8221; global_colors_info=&#8221;{}&#8221;][et_pb_accordion closed_toggle_background_color=&#8221;#FFFFFF&#8221; toggle_icon=&#8221;&#x50;||divi||400&#8243; icon_color=&#8221;rgba(12,113,195,0.48)&#8221; disabled_on=&#8221;on|on|on&#8221; _builder_version=&#8221;4.14.7&#8243; _module_preset=&#8221;default&#8221; toggle_text_color=&#8221;#000000&#8243; toggle_font=&#8221;||||||||&#8221; toggle_text_align=&#8221;center&#8221; toggle_font_size=&#8221;22px&#8221; toggle_letter_spacing=&#8221;1px&#8221; toggle_font_size_tablet=&#8221;22px&#8221; toggle_font_size_phone=&#8221;22px&#8221; toggle_font_size_last_edited=&#8221;on|phone&#8221; border_radii=&#8221;on|10px|10px|10px|10px&#8221; border_width_all=&#8221;0px&#8221; box_shadow_style=&#8221;preset1&#8243; box_shadow_blur=&#8221;80px&#8221; box_shadow_color=&#8221;rgba(12,113,195,0.25)&#8221; disabled=&#8221;on&#8221; global_colors_info=&#8221;{}&#8221;][et_pb_accordion_item title=&#8221;Szarvasmarha&#8221; open=&#8221;on&#8221; _builder_version=&#8221;4.14.7&#8243; _module_preset=&#8221;default&#8221; global_colors_info=&#8221;{}&#8221;]<\/p>\n<p><span>[et_pb_section global_module=\"1301\"][\/et_pb_section]<\/span><\/p>\n<p>[\/et_pb_accordion_item][et_pb_accordion_item title=&#8221;Baromfi&#8221; _builder_version=&#8221;4.14.7&#8243; _module_preset=&#8221;default&#8221; global_colors_info=&#8221;{}&#8221; open=&#8221;off&#8221;]<\/p>\n<p><span>[et_pb_section global_module=\"1376\"][\/et_pb_section]<\/span><\/p>\n<p>[\/et_pb_accordion_item][et_pb_accordion_item title=&#8221;Sert\u00e9s&#8221; _builder_version=&#8221;4.14.7&#8243; _module_preset=&#8221;default&#8221; global_colors_info=&#8221;{}&#8221; open=&#8221;off&#8221;]<\/p>\n<p><span>[et_pb_section global_module=\"1385\"][\/et_pb_section]<\/span><\/p>\n<p>[\/et_pb_accordion_item][et_pb_accordion_item title=&#8221;Juh&#8221; _builder_version=&#8221;4.14.7&#8243; _module_preset=&#8221;default&#8221; global_colors_info=&#8221;{}&#8221; open=&#8221;off&#8221;][\/et_pb_accordion_item][et_pb_accordion_item title=&#8221;Kecske&#8221; _builder_version=&#8221;4.14.7&#8243; _module_preset=&#8221;default&#8221; global_colors_info=&#8221;{}&#8221; open=&#8221;off&#8221;][\/et_pb_accordion_item][et_pb_accordion_item title=&#8221;Egy\u00e9b&#8221; _builder_version=&#8221;4.14.7&#8243; _module_preset=&#8221;default&#8221; global_colors_info=&#8221;{}&#8221; open=&#8221;off&#8221;][\/et_pb_accordion_item][\/et_pb_accordion][\/et_pb_column][\/et_pb_row][\/et_pb_section]<\/p>\n","protected":false},"excerpt":{"rendered":"<p>Eurofins Vetcontrol Akad\u00e9mia \u00a0Hamarosan \u00fajabb webin\u00e1riummal \u00e9rkez\u00fcnk, addig is tekintse meg kor\u00e1bbi webin\u00e1riumaink felv\u00e9teleit!<div class=\"et_pb_module ba_gradient_heading ba_gradient_heading_0\">\n\t\t\t\t\n\t\t\t\t\n\t\t\t\t\n\t\t\t\t\n\t\t\t\t<div class=\"et_pb_module_inner\">\n\t\t\t\t\t<h2 class=\"dtq-gradient-heading\">Webin\u00e1rium<\/h2>\n\t\t\t\t<\/div>\n\t\t\t<\/div>Sert\u00e9s Eg\u00e9szs\u00e9g\u00fcgyi Akad\u00e9mia webin\u00e1rium 2024. \u00e1prilis [&hellip;]<\/p>\n","protected":false},"author":5,"featured_media":0,"parent":0,"menu_order":0,"comment_status":"closed","ping_status":"closed","template":"","meta":{"_et_pb_use_builder":"on","_et_pb_old_content":"","_et_gb_content_width":"","footnotes":""},"class_list":["post-942","page","type-page","status-publish","hentry"],"_links":{"self":[{"href":"https:\/\/vetcontrol.hu\/index.php\/wp-json\/wp\/v2\/pages\/942","targetHints":{"allow":["GET"]}}],"collection":[{"href":"https:\/\/vetcontrol.hu\/index.php\/wp-json\/wp\/v2\/pages"}],"about":[{"href":"https:\/\/vetcontrol.hu\/index.php\/wp-json\/wp\/v2\/types\/page"}],"author":[{"embeddable":true,"href":"https:\/\/vetcontrol.hu\/index.php\/wp-json\/wp\/v2\/users\/5"}],"replies":[{"embeddable":true,"href":"https:\/\/vetcontrol.hu\/index.php\/wp-json\/wp\/v2\/comments?post=942"}],"version-history":[{"count":82,"href":"https:\/\/vetcontrol.hu\/index.php\/wp-json\/wp\/v2\/pages\/942\/revisions"}],"predecessor-version":[{"id":2418,"href":"https:\/\/vetcontrol.hu\/index.php\/wp-json\/wp\/v2\/pages\/942\/revisions\/2418"}],"wp:attachment":[{"href":"https:\/\/vetcontrol.hu\/index.php\/wp-json\/wp\/v2\/media?parent=942"}],"curies":[{"name":"wp","href":"https:\/\/api.w.org\/{rel}","templated":true}]}}