{"id":36,"date":"2022-02-02T07:24:29","date_gmt":"2022-02-02T07:24:29","guid":{"rendered":"https:\/\/vetcontrol.hu\/?page_id=36"},"modified":"2023-03-22T09:16:57","modified_gmt":"2023-03-22T09:16:57","slug":"about","status":"publish","type":"page","link":"https:\/\/vetcontrol.hu\/index.php\/about\/","title":{"rendered":"About"},"content":{"rendered":"<p>[et_pb_section fb_built=&#8221;1&#8243; use_custom_gutter=&#8221;on&#8221; gutter_width=&#8221;1&#8243; specialty=&#8221;on&#8221; padding_top_bottom_link_2=&#8221;false&#8221; padding_top_2=&#8221;250px&#8221; padding_right_2=&#8221;15vw&#8221; padding_left_2=&#8221;100px&#8221; padding_2_tablet=&#8221;80px|60px|80px|60px|true|true&#8221; padding_2_phone=&#8221;60px|50px||50px||true&#8221; padding_2_last_edited=&#8221;on|desktop&#8221; admin_label=&#8221;Header&#8221; module_class=&#8221; et_pb_specialty_fullwidth&#8221; _builder_version=&#8221;4.14.7&#8243; background_enable_image=&#8221;off&#8221; background_size=&#8221;initial&#8221; background_position=&#8221;bottom_right&#8221; inner_width=&#8221;100%&#8221; inner_width_tablet=&#8221;100%&#8221; inner_width_phone=&#8221;100%&#8221; inner_width_last_edited=&#8221;on|desktop&#8221; inner_max_width=&#8221;100%&#8221; inner_max_width_tablet=&#8221;100%&#8221; inner_max_width_phone=&#8221;100%&#8221; inner_max_width_last_edited=&#8221;on|desktop&#8221; custom_padding=&#8221;0px|0px|0|0px|false|false&#8221; make_fullwidth=&#8221;on&#8221; global_colors_info=&#8221;{}&#8221; use_background_color_gradient__hover=&#8221;off&#8221; use_background_color_gradient__hover_enabled=&#8221;off&#8221; background_color_gradient_start__hover=&#8221;#2b87da&#8221; background_color_gradient_start__hover_enabled=&#8221;#2b87da&#8221; background_color_gradient_end__hover=&#8221;#29c4a9&#8243; background_color_gradient_end__hover_enabled=&#8221;#29c4a9&#8243; background_color_gradient_type__hover=&#8221;linear&#8221; background_color_gradient_type__hover_enabled=&#8221;linear&#8221; background_color_gradient_direction__hover=&#8221;180deg&#8221; background_color_gradient_direction__hover_enabled=&#8221;180deg&#8221; background_color_gradient_direction_radial__hover=&#8221;center&#8221; background_color_gradient_direction_radial__hover_enabled=&#8221;center&#8221; background_color_gradient_start_position__hover=&#8221;0%&#8221; background_color_gradient_start_position__hover_enabled=&#8221;0%&#8221; background_color_gradient_end_position__hover=&#8221;100%&#8221; background_color_gradient_end_position__hover_enabled=&#8221;100%&#8221; background_color_gradient_overlays_image__hover=&#8221;off&#8221; background_color_gradient_overlays_image__hover_enabled=&#8221;off&#8221; parallax__hover=&#8221;off&#8221; parallax__hover_enabled=&#8221;off&#8221; parallax_method__hover=&#8221;on&#8221; parallax_method__hover_enabled=&#8221;on&#8221; background_size__hover=&#8221;cover&#8221; background_size__hover_enabled=&#8221;cover&#8221; background_position__hover=&#8221;center&#8221; background_position__hover_enabled=&#8221;center&#8221; background_repeat__hover=&#8221;no-repeat&#8221; background_repeat__hover_enabled=&#8221;no-repeat&#8221; background_blend__hover=&#8221;normal&#8221; background_blend__hover_enabled=&#8221;normal&#8221; allow_player_pause__hover=&#8221;off&#8221; allow_player_pause__hover_enabled=&#8221;off&#8221; background_video_pause_outside_viewport__hover=&#8221;on&#8221; background_video_pause_outside_viewport__hover_enabled=&#8221;on&#8221;][et_pb_column type=&#8221;1_2&#8243; specialty_columns=&#8221;2&#8243; _builder_version=&#8221;3.25&#8243; custom_padding=&#8221;|||&#8221; global_colors_info=&#8221;{}&#8221; parallax__hover=&#8221;off&#8221; parallax_method__hover=&#8221;on&#8221; custom_padding__hover=&#8221;|||&#8221;][et_pb_row_inner custom_padding_last_edited=&#8221;on|phone&#8221; _builder_version=&#8221;4.14.7&#8243; background_color=&#8221;#1f3b79&#8243; use_background_color_gradient=&#8221;on&#8221; background_color_gradient_start=&#8221;#3d0dad&#8221; background_color_gradient_end=&#8221;rgba(42,63,201,0.77)&#8221; background_color_gradient_direction=&#8221;120deg&#8221; background_color_gradient_overlays_image=&#8221;on&#8221; background_enable_image=&#8221;off&#8221; custom_padding=&#8221;10vw|100px|14vw|150px|false|false&#8221; custom_padding_tablet=&#8221;150px|60px|150px|60px|true|true&#8221; custom_padding_phone=&#8221;100px|50px|100px|50px|true|true&#8221; border_radii=&#8221;|||150px|&#8221; box_shadow_style=&#8221;preset3&#8243; box_shadow_vertical=&#8221;39px&#8221; box_shadow_blur=&#8221;200px&#8221; box_shadow_spread=&#8221;-40px&#8221; locked=&#8221;off&#8221; global_colors_info=&#8221;{}&#8221;][et_pb_column_inner saved_specialty_column_type=&#8221;1_2&#8243; _builder_version=&#8221;4.14.7&#8243; custom_padding=&#8221;|||&#8221; global_colors_info=&#8221;{}&#8221; parallax__hover=&#8221;off&#8221; parallax_method__hover=&#8221;on&#8221; custom_padding__hover=&#8221;|||&#8221;][et_pb_text _builder_version=&#8221;4.14.7&#8243; _module_preset=&#8221;default&#8221; header_font=&#8221;trade-gothic-lt-pro|700|||||||&#8221; header_text_color=&#8221;#FFFFFF&#8221; header_font_size=&#8221;55px&#8221; global_colors_info=&#8221;{}&#8221;]<\/p>\n<h1>R\u00d3LUNK<\/h1>\n<p>[\/et_pb_text][\/et_pb_column_inner][\/et_pb_row_inner][\/et_pb_column][et_pb_column type=&#8221;1_2&#8243; _builder_version=&#8221;3.25&#8243; custom_padding=&#8221;|||&#8221; global_colors_info=&#8221;{}&#8221; padding_phone__hover=&#8221;60px|50px||50px||true&#8221; padding_tablet__hover=&#8221;80px|60px|80px|60px|true|true&#8221; padding_last_edited__hover=&#8221;on|desktop&#8221; padding_left__hover=&#8221;100px&#8221; padding_right__hover=&#8221;15vw&#8221; padding_top__hover=&#8221;250px&#8221; parallax__hover=&#8221;off&#8221; parallax_method__hover=&#8221;on&#8221; padding_phone=&#8221;60px|50px||50px||true&#8221; padding_tablet=&#8221;80px|60px|80px|60px|true|true&#8221; padding_last_edited=&#8221;on|desktop&#8221; custom_padding__hover=&#8221;|||&#8221;][et_pb_text _builder_version=&#8221;4.14.7&#8243; text_font_size=&#8221;16px&#8221; global_colors_info=&#8221;{}&#8221; header_font_size__hover=&#8221;30px&#8221; header_font_size__hover_enabled=&#8221;30px&#8221; header_letter_spacing__hover=&#8221;0px&#8221; header_letter_spacing__hover_enabled=&#8221;0px&#8221; header_text_shadow_style__hover=&#8221;none&#8221; header_text_shadow_style__hover_enabled=&#8221;none&#8221; header_text_shadow_color__hover=&#8221;rgba(0,0,0,0.4)&#8221; header_text_shadow_color__hover_enabled=&#8221;rgba(0,0,0,0.4)&#8221; text_font_size__hover=&#8221;14px&#8221; text_font_size__hover_enabled=&#8221;14px&#8221; text_letter_spacing__hover=&#8221;0px&#8221; text_letter_spacing__hover_enabled=&#8221;0px&#8221; text_line_height__hover=&#8221;1.7em&#8221; text_line_height__hover_enabled=&#8221;1.7em&#8221; text_text_shadow_style__hover=&#8221;none&#8221; text_text_shadow_style__hover_enabled=&#8221;none&#8221; text_text_shadow_color__hover=&#8221;rgba(0,0,0,0.4)&#8221; text_text_shadow_color__hover_enabled=&#8221;rgba(0,0,0,0.4)&#8221; link_font_size__hover=&#8221;14px&#8221; link_font_size__hover_enabled=&#8221;14px&#8221; link_letter_spacing__hover=&#8221;0px&#8221; link_letter_spacing__hover_enabled=&#8221;0px&#8221; link_line_height__hover=&#8221;1em&#8221; link_line_height__hover_enabled=&#8221;1em&#8221; link_text_shadow_style__hover=&#8221;none&#8221; link_text_shadow_style__hover_enabled=&#8221;none&#8221; link_text_shadow_color__hover=&#8221;rgba(0,0,0,0.4)&#8221; link_text_shadow_color__hover_enabled=&#8221;rgba(0,0,0,0.4)&#8221; ul_font_size__hover=&#8221;14px&#8221; ul_font_size__hover_enabled=&#8221;14px&#8221; ul_letter_spacing__hover=&#8221;0px&#8221; ul_letter_spacing__hover_enabled=&#8221;0px&#8221; ul_line_height__hover=&#8221;1em&#8221; ul_line_height__hover_enabled=&#8221;1em&#8221; ul_text_shadow_style__hover=&#8221;none&#8221; ul_text_shadow_style__hover_enabled=&#8221;none&#8221; ul_text_shadow_color__hover=&#8221;rgba(0,0,0,0.4)&#8221; ul_text_shadow_color__hover_enabled=&#8221;rgba(0,0,0,0.4)&#8221; ol_font_size__hover=&#8221;14px&#8221; ol_font_size__hover_enabled=&#8221;14px&#8221; ol_letter_spacing__hover=&#8221;0px&#8221; ol_letter_spacing__hover_enabled=&#8221;0px&#8221; ol_line_height__hover=&#8221;1em&#8221; ol_line_height__hover_enabled=&#8221;1em&#8221; ol_text_shadow_style__hover=&#8221;none&#8221; ol_text_shadow_style__hover_enabled=&#8221;none&#8221; ol_text_shadow_color__hover=&#8221;rgba(0,0,0,0.4)&#8221; ol_text_shadow_color__hover_enabled=&#8221;rgba(0,0,0,0.4)&#8221; quote_font_size__hover=&#8221;14px&#8221; quote_font_size__hover_enabled=&#8221;14px&#8221; quote_letter_spacing__hover=&#8221;0px&#8221; quote_letter_spacing__hover_enabled=&#8221;0px&#8221; quote_line_height__hover=&#8221;1em&#8221; quote_line_height__hover_enabled=&#8221;1em&#8221; quote_text_shadow_style__hover=&#8221;none&#8221; quote_text_shadow_style__hover_enabled=&#8221;none&#8221; quote_text_shadow_color__hover=&#8221;rgba(0,0,0,0.4)&#8221; quote_text_shadow_color__hover_enabled=&#8221;rgba(0,0,0,0.4)&#8221; text_orientation__hover=&#8221;left&#8221; text_orientation__hover_enabled=&#8221;left&#8221; background_layout__hover=&#8221;light&#8221; background_layout__hover_enabled=&#8221;light&#8221; max_width__hover=&#8221;100%&#8221; max_width__hover_enabled=&#8221;100%&#8221; header_2_font_size__hover=&#8221;26px&#8221; header_2_font_size__hover_enabled=&#8221;26px&#8221; header_2_letter_spacing__hover=&#8221;0px&#8221; header_2_letter_spacing__hover_enabled=&#8221;0px&#8221; header_2_line_height__hover=&#8221;1em&#8221; header_2_line_height__hover_enabled=&#8221;1em&#8221; header_2_text_shadow_style__hover=&#8221;none&#8221; header_2_text_shadow_style__hover_enabled=&#8221;none&#8221; header_2_text_shadow_color__hover=&#8221;rgba(0,0,0,0.4)&#8221; header_2_text_shadow_color__hover_enabled=&#8221;rgba(0,0,0,0.4)&#8221; sticky_enabled=&#8221;0&#8243;]<\/p>\n<h3><strong>Az Eurofins Vetcontrol Kft.<\/strong><\/h3>\n<p>\u00c1llateg\u00e9szs\u00e9g\u00fcgyi diagnosztikai laborat\u00f3riumunk m\u00e1r 20 \u00e9ve az \u00fcgyfelek szolg\u00e1lat\u00e1ban \u00e1ll!<br \/>\nK\u00fcldet\u00e9s\u00fcnk, hogy partnereink \u00e1tfog\u00f3 k\u00e9pet kapjanak \u00e1llataik eg\u00e9szs\u00e9g\u00fcgyi \u00e1llapot\u00e1r\u00f3l, az \u00e1ltaluk fogyasztott takarm\u00e1ny \u00e9s v\u00edz \u00f6sszet\u00e9tel\u00e9r\u0151l, illetve telep\u00fck aktu\u00e1lis<br \/>\n\u00e1llapot\u00e1r\u00f3l![\/et_pb_text][\/et_pb_column][\/et_pb_section][et_pb_section fb_built=&#8221;1&#8243; _builder_version=&#8221;4.14.7&#8243; _module_preset=&#8221;default&#8221; custom_padding=&#8221;2px||2px|||&#8221; global_colors_info=&#8221;{}&#8221;][et_pb_row column_structure=&#8221;1_2,1_2&#8243; _builder_version=&#8221;4.14.7&#8243; _module_preset=&#8221;default&#8221; hover_enabled=&#8221;0&#8243; global_colors_info=&#8221;{}&#8221; sticky_enabled=&#8221;0&#8243;][et_pb_column type=&#8221;1_2&#8243; _builder_version=&#8221;4.14.7&#8243; _module_preset=&#8221;default&#8221; global_colors_info=&#8221;{}&#8221;][et_pb_text _builder_version=&#8221;4.14.7&#8243; text_font_size=&#8221;16px&#8221; global_colors_info=&#8221;{}&#8221; header_font_size__hover=&#8221;30px&#8221; header_font_size__hover_enabled=&#8221;30px&#8221; header_letter_spacing__hover=&#8221;0px&#8221; header_letter_spacing__hover_enabled=&#8221;0px&#8221; header_text_shadow_style__hover=&#8221;none&#8221; header_text_shadow_style__hover_enabled=&#8221;none&#8221; header_text_shadow_color__hover=&#8221;rgba(0,0,0,0.4)&#8221; header_text_shadow_color__hover_enabled=&#8221;rgba(0,0,0,0.4)&#8221; text_font_size__hover=&#8221;14px&#8221; text_font_size__hover_enabled=&#8221;14px&#8221; text_letter_spacing__hover=&#8221;0px&#8221; text_letter_spacing__hover_enabled=&#8221;0px&#8221; text_line_height__hover=&#8221;1.7em&#8221; text_line_height__hover_enabled=&#8221;1.7em&#8221; text_text_shadow_style__hover=&#8221;none&#8221; text_text_shadow_style__hover_enabled=&#8221;none&#8221; text_text_shadow_color__hover=&#8221;rgba(0,0,0,0.4)&#8221; text_text_shadow_color__hover_enabled=&#8221;rgba(0,0,0,0.4)&#8221; link_font_size__hover=&#8221;14px&#8221; link_font_size__hover_enabled=&#8221;14px&#8221; link_letter_spacing__hover=&#8221;0px&#8221; link_letter_spacing__hover_enabled=&#8221;0px&#8221; link_line_height__hover=&#8221;1em&#8221; link_line_height__hover_enabled=&#8221;1em&#8221; link_text_shadow_style__hover=&#8221;none&#8221; link_text_shadow_style__hover_enabled=&#8221;none&#8221; link_text_shadow_color__hover=&#8221;rgba(0,0,0,0.4)&#8221; link_text_shadow_color__hover_enabled=&#8221;rgba(0,0,0,0.4)&#8221; ul_font_size__hover=&#8221;14px&#8221; ul_font_size__hover_enabled=&#8221;14px&#8221; ul_letter_spacing__hover=&#8221;0px&#8221; ul_letter_spacing__hover_enabled=&#8221;0px&#8221; ul_line_height__hover=&#8221;1em&#8221; ul_line_height__hover_enabled=&#8221;1em&#8221; ul_text_shadow_style__hover=&#8221;none&#8221; ul_text_shadow_style__hover_enabled=&#8221;none&#8221; ul_text_shadow_color__hover=&#8221;rgba(0,0,0,0.4)&#8221; ul_text_shadow_color__hover_enabled=&#8221;rgba(0,0,0,0.4)&#8221; ol_font_size__hover=&#8221;14px&#8221; ol_font_size__hover_enabled=&#8221;14px&#8221; ol_letter_spacing__hover=&#8221;0px&#8221; ol_letter_spacing__hover_enabled=&#8221;0px&#8221; ol_line_height__hover=&#8221;1em&#8221; ol_line_height__hover_enabled=&#8221;1em&#8221; ol_text_shadow_style__hover=&#8221;none&#8221; ol_text_shadow_style__hover_enabled=&#8221;none&#8221; ol_text_shadow_color__hover=&#8221;rgba(0,0,0,0.4)&#8221; ol_text_shadow_color__hover_enabled=&#8221;rgba(0,0,0,0.4)&#8221; quote_font_size__hover=&#8221;14px&#8221; quote_font_size__hover_enabled=&#8221;14px&#8221; quote_letter_spacing__hover=&#8221;0px&#8221; quote_letter_spacing__hover_enabled=&#8221;0px&#8221; quote_line_height__hover=&#8221;1em&#8221; quote_line_height__hover_enabled=&#8221;1em&#8221; quote_text_shadow_style__hover=&#8221;none&#8221; quote_text_shadow_style__hover_enabled=&#8221;none&#8221; quote_text_shadow_color__hover=&#8221;rgba(0,0,0,0.4)&#8221; quote_text_shadow_color__hover_enabled=&#8221;rgba(0,0,0,0.4)&#8221; text_orientation__hover=&#8221;left&#8221; text_orientation__hover_enabled=&#8221;left&#8221; background_layout__hover=&#8221;light&#8221; background_layout__hover_enabled=&#8221;light&#8221; max_width__hover=&#8221;100%&#8221; max_width__hover_enabled=&#8221;100%&#8221; header_2_font_size__hover=&#8221;26px&#8221; header_2_font_size__hover_enabled=&#8221;26px&#8221; header_2_letter_spacing__hover=&#8221;0px&#8221; header_2_letter_spacing__hover_enabled=&#8221;0px&#8221; header_2_line_height__hover=&#8221;1em&#8221; header_2_line_height__hover_enabled=&#8221;1em&#8221; header_2_text_shadow_style__hover=&#8221;none&#8221; header_2_text_shadow_style__hover_enabled=&#8221;none&#8221; header_2_text_shadow_color__hover=&#8221;rgba(0,0,0,0.4)&#8221; header_2_text_shadow_color__hover_enabled=&#8221;rgba(0,0,0,0.4)&#8221; sticky_enabled=&#8221;0&#8243;]<\/p>\n<p>Minden olyan \u00e1llateg\u00e9szs\u00e9g\u00fcgyi laborat\u00f3riumi vizsg\u00e1latot elv\u00e9gz\u00fcnk, amely \u00fcgyfeleinket megfelel\u0151 mennyis\u00e9g\u0171 \u00e9s min\u0151s\u00e9g\u0171 inform\u00e1ci\u00f3val l\u00e1tja el a naprak\u00e9sz \u00e9s versenyk\u00e9pes \u00e1llattart\u00e1s \u00e9rdek\u00e9ben. Az al\u00e1bbi \u00e1llatok eset\u00e9ben v\u00e9gz\u00fcnk \u00e1llateg\u00e9szs\u00e9g\u00fcgyi vizsg\u00e1latokat:<\/p>\n<ul>\n<li>szarvasmarha,<\/li>\n<li>sert\u00e9s, baromfi,<\/li>\n<li>juh,<\/li>\n<li>kecske<\/li>\n<li>\u00e9s l\u00f3.<\/li>\n<\/ul>\n<p>Telepi vizsg\u00e1latok eset\u00e9ben az al\u00e1bbiakkal \u00e1llunk \u00fcgyfeleink rendelkez\u00e9s\u00e9re:<\/p>\n<ul>\n<li>takarm\u00e1nyvizsg\u00e1lat,<\/li>\n<li>v\u00edzvizsg\u00e1lat<\/li>\n<li>\u00e9s telepi vizsg\u00e1lat.<\/li>\n<\/ul>\n<p>[\/et_pb_text][\/et_pb_column][et_pb_column type=&#8221;1_2&#8243; _builder_version=&#8221;4.14.7&#8243; _module_preset=&#8221;default&#8221; global_colors_info=&#8221;{}&#8221;][et_pb_text _builder_version=&#8221;4.14.7&#8243; _module_preset=&#8221;default&#8221; text_font_size=&#8221;16px&#8221; global_colors_info=&#8221;{}&#8221;]<\/p>\n<p>A gazdas\u00e1gos \u00e9s hat\u00e9kony \u00e1llattart\u00e1shoz a megfelel\u0151 min\u0151s\u00e9g\u0171, valamint a toxinokkal min\u00e9l kev\u00e9sb\u00e9 terhelt takarm\u00e1nyok feletet\u00e9se elengedhetetlen.<\/p>\n<p>A megfelel\u0151 takarm\u00e1nyoz\u00e1s mellett a j\u00f3 min\u0151s\u00e9g\u0171 v\u00edz is fontos felt\u00e9tele az \u00e1llatok eg\u00e9szs\u00e9g\u00e9nek \u00e9s \u00edgy az eredm\u00e9nyes \u00e1llattart\u00e1snak. Ez ir\u00e1ny\u00fa mikrobiol\u00f3giai \u00e9s k\u00e9miai vizsg\u00e1latokat is v\u00e9gz\u00fcnk.<\/p>\n<p>C\u00e9g\u00fcnkben megb\u00edzhat\u00f3 partnerre tal\u00e1l a telepi k\u00f3rokoz\u00f3k beazonos\u00edt\u00e1s\u00e1ban, a takar\u00edt\u00e1si hat\u00e9konys\u00e1g m\u00e9r\u00e9s\u00e9ben, az eg\u00e9szs\u00e9ges \u00e1llom\u00e1ny a k\u00f3rokoz\u00f3 mentes k\u00f6rnyezet\u00e9nek biztos\u00edt\u00e1s\u00e1ban, a telepi higi\u00e9nia szintj\u00e9nek emel\u00e9s\u00e9ben, ezek r\u00e9v\u00e9n pedig az el\u00e9rhet\u0151 \u00fczemi eredm\u00e9ny n\u00f6vel\u00e9s\u00e9ben is.<\/p>\n<p>Hat\u00e9konys\u00e1gn\u00f6vel\u0151 szolg\u00e1ltat\u00e1sainkkal a lehet\u0151 legeredm\u00e9nyesebben gondozhatja telep\u00e9t!<\/p>\n<p>Helysz\u00edni tan\u00e1csad\u00e1ssal \u00e9s \u00e1llateg\u00e9szs\u00e9g\u00fcgyi szak\u00e9rt\u0151i t\u00e1mogat\u00e1ssal seg\u00edtj\u00fck \u00fcgyfeleinket!<\/p>\n<p>[\/et_pb_text][\/et_pb_column][\/et_pb_row][\/et_pb_section][et_pb_section fb_built=&#8221;1&#8243; _builder_version=&#8221;4.14.7&#8243; _module_preset=&#8221;default&#8221; global_colors_info=&#8221;{}&#8221;][et_pb_row _builder_version=&#8221;4.14.7&#8243; _module_preset=&#8221;default&#8221; global_colors_info=&#8221;{}&#8221;][et_pb_column type=&#8221;4_4&#8243; _builder_version=&#8221;4.14.7&#8243; _module_preset=&#8221;default&#8221; global_colors_info=&#8221;{}&#8221;][et_pb_image src=&#8221;https:\/\/vetcontrol.hu\/wp-content\/uploads\/2022\/02\/oklevel.jpg&#8221; title_text=&#8221;oklevel&#8221; _builder_version=&#8221;4.14.7&#8243; _module_preset=&#8221;default&#8221; global_colors_info=&#8221;{}&#8221;][\/et_pb_image][\/et_pb_column][\/et_pb_row][\/et_pb_section][et_pb_section fb_built=&#8221;1&#8243; fullwidth=&#8221;on&#8221; _builder_version=&#8221;4.14.7&#8243; _module_preset=&#8221;default&#8221; global_colors_info=&#8221;{}&#8221;][et_pb_fullwidth_image src=&#8221;https:\/\/vetcontrol.hu\/wp-content\/uploads\/2022\/02\/Blocs-Bar-codes-like-graphic_Color.png&#8221; title_text=&#8221;Blocs &#8211; Bar codes like graphic_Color&#8221; _builder_version=&#8221;4.14.7&#8243; _module_preset=&#8221;default&#8221; global_colors_info=&#8221;{}&#8221;][\/et_pb_fullwidth_image][\/et_pb_section]<\/p>\n","protected":false},"excerpt":{"rendered":"<p>R\u00d3LUNKAz Eurofins Vetcontrol Kft. \u00c1llateg\u00e9szs\u00e9g\u00fcgyi diagnosztikai laborat\u00f3riumunk m\u00e1r 20 \u00e9ve az \u00fcgyfelek szolg\u00e1lat\u00e1ban \u00e1ll! K\u00fcldet\u00e9s\u00fcnk, hogy partnereink \u00e1tfog\u00f3 k\u00e9pet kapjanak \u00e1llataik eg\u00e9szs\u00e9g\u00fcgyi \u00e1llapot\u00e1r\u00f3l, az \u00e1ltaluk fogyasztott takarm\u00e1ny \u00e9s v\u00edz \u00f6sszet\u00e9tel\u00e9r\u0151l, [&hellip;]<\/p>\n","protected":false},"author":8,"featured_media":0,"parent":0,"menu_order":0,"comment_status":"closed","ping_status":"closed","template":"","meta":{"_et_pb_use_builder":"on","_et_pb_old_content":"","_et_gb_content_width":"","footnotes":""},"class_list":["post-36","page","type-page","status-publish","hentry"],"_links":{"self":[{"href":"https:\/\/vetcontrol.hu\/index.php\/wp-json\/wp\/v2\/pages\/36","targetHints":{"allow":["GET"]}}],"collection":[{"href":"https:\/\/vetcontrol.hu\/index.php\/wp-json\/wp\/v2\/pages"}],"about":[{"href":"https:\/\/vetcontrol.hu\/index.php\/wp-json\/wp\/v2\/types\/page"}],"author":[{"embeddable":true,"href":"https:\/\/vetcontrol.hu\/index.php\/wp-json\/wp\/v2\/users\/8"}],"replies":[{"embeddable":true,"href":"https:\/\/vetcontrol.hu\/index.php\/wp-json\/wp\/v2\/comments?post=36"}],"version-history":[{"count":16,"href":"https:\/\/vetcontrol.hu\/index.php\/wp-json\/wp\/v2\/pages\/36\/revisions"}],"predecessor-version":[{"id":1215,"href":"https:\/\/vetcontrol.hu\/index.php\/wp-json\/wp\/v2\/pages\/36\/revisions\/1215"}],"wp:attachment":[{"href":"https:\/\/vetcontrol.hu\/index.php\/wp-json\/wp\/v2\/media?parent=36"}],"curies":[{"name":"wp","href":"https:\/\/api.w.org\/{rel}","templated":true}]}}