{"id":3474,"date":"2026-02-12T07:59:32","date_gmt":"2026-02-12T07:59:32","guid":{"rendered":"https:\/\/vetcontrol.hu\/?page_id=3474"},"modified":"2026-02-17T10:02:05","modified_gmt":"2026-02-17T10:02:05","slug":"mintaleado-pontok","status":"publish","type":"page","link":"https:\/\/vetcontrol.hu\/index.php\/mintaleado-pontok\/","title":{"rendered":"Mintalead\u00f3 pontok"},"content":{"rendered":"<p>[et_pb_section fb_built=&#8221;1&#8243; fullwidth=&#8221;on&#8221; _builder_version=&#8221;4.14.7&#8243; _module_preset=&#8221;default&#8221; global_colors_info=&#8221;{}&#8221;][et_pb_fullwidth_header title=&#8221;Mintalead\u00f3 pontok&#8221; _builder_version=&#8221;4.14.7&#8243; _module_preset=&#8221;default&#8221; title_text_align=&#8221;center&#8221; title_font_size=&#8221;48px&#8221; content_text_align=&#8221;center&#8221; global_colors_info=&#8221;{}&#8221;]<\/p>\n<h2 style=\"text-align: center;\">M\u00e1r az orsz\u00e1g 6 k\u00fcl\u00f6nb\u00f6z\u0151 pontj\u00e1n!<\/h2>\n<p>[\/et_pb_fullwidth_header][et_pb_fullwidth_image src=&#8221;https:\/\/vetcontrol.hu\/wp-content\/uploads\/2022\/02\/Blocs-Bar-codes-like-graphic_Color.png&#8221; title_text=&#8221;Blocs &#8211; Bar codes like graphic_Color&#8221; disabled_on=&#8221;on|on|on&#8221; _builder_version=&#8221;4.14.7&#8243; _module_preset=&#8221;default&#8221; disabled=&#8221;on&#8221; global_colors_info=&#8221;{}&#8221;][\/et_pb_fullwidth_image][\/et_pb_section][et_pb_section fb_built=&#8221;1&#8243; _builder_version=&#8221;4.14.7&#8243; _module_preset=&#8221;default&#8221; global_colors_info=&#8221;{}&#8221;][et_pb_row _builder_version=&#8221;4.14.7&#8243; _module_preset=&#8221;default&#8221; global_colors_info=&#8221;{}&#8221;][et_pb_column type=&#8221;4_4&#8243; _builder_version=&#8221;4.14.7&#8243; _module_preset=&#8221;default&#8221; global_colors_info=&#8221;{}&#8221;][et_pb_text _builder_version=&#8221;4.14.7&#8243; _module_preset=&#8221;default&#8221; hover_enabled=&#8221;0&#8243; global_colors_info=&#8221;{}&#8221; sticky_enabled=&#8221;0&#8243;]<\/p>\n<p><iframe style=\"aspect-ratio: 16 \/ 9;\" src=\"https:\/\/www.google.com\/maps\/d\/embed?mid=1-M4Bdl3GgoS92nL30KYMnnwkYp0IMcM&#038;ll=47.3116772713121%2C20.224181800781267&#038;z=7\" width=\"100%\"><\/iframe><\/p>\n<p>[\/et_pb_text][\/et_pb_column][\/et_pb_row][\/et_pb_section]<\/p>\n","protected":false},"excerpt":{"rendered":"<p>M\u00e1r az orsz\u00e1g 6 k\u00fcl\u00f6nb\u00f6z\u0151 pontj\u00e1n!<\/p>\n","protected":false},"author":7,"featured_media":0,"parent":0,"menu_order":0,"comment_status":"closed","ping_status":"closed","template":"","meta":{"_et_pb_use_builder":"on","_et_pb_old_content":"<iframe src=\"https:\/\/www.google.com\/maps\/d\/embed?mid=1-M4Bdl3GgoS92nL30KYMnnwkYp0IMcM&hl=hu&ehbc=2E312F\" width=\"100%\" height=\"600px\" allowfullscreen=\"allowfullscreen\"><span data-mce-type=\"bookmark\" style=\"display: inline-block; width: 0px; overflow: hidden; line-height: 0;\" class=\"mce_SELRES_start\">\ufeff<\/span><\/iframe>","_et_gb_content_width":"","footnotes":""},"class_list":["post-3474","page","type-page","status-publish","hentry"],"_links":{"self":[{"href":"https:\/\/vetcontrol.hu\/index.php\/wp-json\/wp\/v2\/pages\/3474","targetHints":{"allow":["GET"]}}],"collection":[{"href":"https:\/\/vetcontrol.hu\/index.php\/wp-json\/wp\/v2\/pages"}],"about":[{"href":"https:\/\/vetcontrol.hu\/index.php\/wp-json\/wp\/v2\/types\/page"}],"author":[{"embeddable":true,"href":"https:\/\/vetcontrol.hu\/index.php\/wp-json\/wp\/v2\/users\/7"}],"replies":[{"embeddable":true,"href":"https:\/\/vetcontrol.hu\/index.php\/wp-json\/wp\/v2\/comments?post=3474"}],"version-history":[{"count":35,"href":"https:\/\/vetcontrol.hu\/index.php\/wp-json\/wp\/v2\/pages\/3474\/revisions"}],"predecessor-version":[{"id":3538,"href":"https:\/\/vetcontrol.hu\/index.php\/wp-json\/wp\/v2\/pages\/3474\/revisions\/3538"}],"wp:attachment":[{"href":"https:\/\/vetcontrol.hu\/index.php\/wp-json\/wp\/v2\/media?parent=3474"}],"curies":[{"name":"wp","href":"https:\/\/api.w.org\/{rel}","templated":true}]}}