{"id":315,"date":"2022-02-22T08:55:11","date_gmt":"2022-02-22T08:55:11","guid":{"rendered":"https:\/\/vetcontrol.hu\/?page_id=315"},"modified":"2025-01-21T15:57:11","modified_gmt":"2025-01-21T15:57:11","slug":"dokumentumok","status":"publish","type":"page","link":"https:\/\/vetcontrol.hu\/index.php\/dokumentumok\/","title":{"rendered":"Dokumentumok"},"content":{"rendered":"<p>[et_pb_section fb_built=&#8221;1&#8243; fullwidth=&#8221;on&#8221; _builder_version=&#8221;4.14.7&#8243; _module_preset=&#8221;default&#8221; global_colors_info=&#8221;{}&#8221;][et_pb_fullwidth_image src=&#8221;https:\/\/vetcontrol.hu\/wp-content\/uploads\/2022\/02\/Blocs-Bar-codes-like-graphic_Color.png&#8221; title_text=&#8221;Blocs &#8211; Bar codes like graphic_Color&#8221; _builder_version=&#8221;4.14.7&#8243; _module_preset=&#8221;default&#8221; global_colors_info=&#8221;{}&#8221;][\/et_pb_fullwidth_image][\/et_pb_section][et_pb_section fb_built=&#8221;1&#8243; _builder_version=&#8221;4.14.7&#8243; _module_preset=&#8221;default&#8221; global_colors_info=&#8221;{}&#8221;][et_pb_row _builder_version=&#8221;4.14.7&#8243; _module_preset=&#8221;default&#8221; global_colors_info=&#8221;{}&#8221;][et_pb_column type=&#8221;4_4&#8243; _builder_version=&#8221;4.14.7&#8243; _module_preset=&#8221;default&#8221; global_colors_info=&#8221;{}&#8221;][et_pb_text _builder_version=&#8221;4.14.7&#8243; _module_preset=&#8221;default&#8221; global_colors_info=&#8221;{}&#8221;]<\/p>\n<h2 style=\"text-align: center;\">LET\u00d6LTHET\u0150 DOKUMENTUMOK<\/h2>\n<p>[\/et_pb_text][et_pb_text _builder_version=&#8221;4.14.7&#8243; _module_preset=&#8221;default&#8221; hover_enabled=&#8221;0&#8243; global_colors_info=&#8221;{}&#8221; sticky_enabled=&#8221;0&#8243;]<\/p>\n<h4 style=\"text-align: center;\"><a href=\"https:\/\/vetcontrol.hu\/wp-content\/uploads\/2025\/01\/50_2024_VII.29.kozlemeny_zoonozis.pdf\"><strong>K\u00f6zlem\u00e9ny a 37\/2024. (VII. 7.) AM rendelet alapj\u00e1n<br \/>az egyes \u00e1llatbetegs\u00e9gek \u00e9s zoon\u00f3zisok felsz\u00e1mol\u00e1s\u00e1ra, az ellen\u00fck val\u00f3 v\u00e9dekez\u00e9sre \u00e9s figyelemmel k\u00eds\u00e9r\u00e9s\u00fckre ir\u00e1nyul\u00f3 nemzeti programok<br \/>2024. \u00e9vi finansz\u00edroz\u00e1s\u00e1nak szab\u00e1lyair\u00f3l (50\/2024. Magyar \u00c1llamkincst\u00e1r)<\/strong><\/a><\/h4>\n<p>&nbsp;<\/p>\n<p>&nbsp;<\/p>\n<h2 style=\"text-align: center;\">Prospektusok:<\/h2>\n<p style=\"text-align: center;\" data-v-30a8a55a=\"\"><a href=\"https:\/\/vetcontrol.hu\/wp-content\/uploads\/2022\/10\/baromfi-szorolap-2022-10-04.pdf\" target=\"_blank\" rel=\"noopener\" data-v-30a8a55a=\"\">Baromfi prospektus<\/a><\/p>\n<p style=\"text-align: center;\" data-v-30a8a55a=\"\"><a href=\"https:\/\/vetcontrol.hu\/wp-content\/uploads\/2022\/10\/sertes.pdf\" target=\"_blank\" rel=\"noopener\" data-v-30a8a55a=\"\">Sert\u00e9s prospektus<\/a><\/p>\n<p style=\"text-align: center;\" data-v-30a8a55a=\"\"><a href=\"https:\/\/vetcontrol.hu\/wp-content\/uploads\/2022\/10\/vetcontroll-szorolap-A4-marha-173x245-1.pdf\" target=\"_blank\" rel=\"noopener\" data-v-30a8a55a=\"\">Szarvasmarha prospektus<\/a><\/p>\n<p>[\/et_pb_text][\/et_pb_column][\/et_pb_row][\/et_pb_section][et_pb_section fb_built=&#8221;1&#8243; fullwidth=&#8221;on&#8221; _builder_version=&#8221;4.14.7&#8243; _module_preset=&#8221;default&#8221; global_colors_info=&#8221;{}&#8221;][et_pb_fullwidth_image src=&#8221;https:\/\/vetcontrol.hu\/wp-content\/uploads\/2022\/02\/Blocs-Bar-codes-like-graphic_Color.png&#8221; title_text=&#8221;Blocs &#8211; Bar codes like graphic_Color&#8221; _builder_version=&#8221;4.14.7&#8243; _module_preset=&#8221;default&#8221; hover_enabled=&#8221;0&#8243; global_colors_info=&#8221;{}&#8221; sticky_enabled=&#8221;0&#8243;][\/et_pb_fullwidth_image][\/et_pb_section]<\/p>\n","protected":false},"excerpt":{"rendered":"<p>LET\u00d6LTHET\u0150 DOKUMENTUMOKK\u00f6zlem\u00e9ny a 37\/2024. (VII. 7.) AM rendelet alapj\u00e1naz egyes \u00e1llatbetegs\u00e9gek \u00e9s zoon\u00f3zisok felsz\u00e1mol\u00e1s\u00e1ra, az ellen\u00fck val\u00f3 v\u00e9dekez\u00e9sre \u00e9s figyelemmel k\u00eds\u00e9r\u00e9s\u00fckre ir\u00e1nyul\u00f3 nemzeti programok2024. \u00e9vi finansz\u00edroz\u00e1s\u00e1nak szab\u00e1lyair\u00f3l (50\/2024. Magyar \u00c1llamkincst\u00e1r) [&hellip;]<\/p>\n","protected":false},"author":8,"featured_media":0,"parent":0,"menu_order":0,"comment_status":"closed","ping_status":"closed","template":"","meta":{"_et_pb_use_builder":"on","_et_pb_old_content":"","_et_gb_content_width":"","footnotes":""},"class_list":["post-315","page","type-page","status-publish","hentry"],"_links":{"self":[{"href":"https:\/\/vetcontrol.hu\/index.php\/wp-json\/wp\/v2\/pages\/315","targetHints":{"allow":["GET"]}}],"collection":[{"href":"https:\/\/vetcontrol.hu\/index.php\/wp-json\/wp\/v2\/pages"}],"about":[{"href":"https:\/\/vetcontrol.hu\/index.php\/wp-json\/wp\/v2\/types\/page"}],"author":[{"embeddable":true,"href":"https:\/\/vetcontrol.hu\/index.php\/wp-json\/wp\/v2\/users\/8"}],"replies":[{"embeddable":true,"href":"https:\/\/vetcontrol.hu\/index.php\/wp-json\/wp\/v2\/comments?post=315"}],"version-history":[{"count":21,"href":"https:\/\/vetcontrol.hu\/index.php\/wp-json\/wp\/v2\/pages\/315\/revisions"}],"predecessor-version":[{"id":2284,"href":"https:\/\/vetcontrol.hu\/index.php\/wp-json\/wp\/v2\/pages\/315\/revisions\/2284"}],"wp:attachment":[{"href":"https:\/\/vetcontrol.hu\/index.php\/wp-json\/wp\/v2\/media?parent=315"}],"curies":[{"name":"wp","href":"https:\/\/api.w.org\/{rel}","templated":true}]}}